{"id":936,"date":"2026-01-07T13:01:35","date_gmt":"2026-01-07T12:01:35","guid":{"rendered":"https:\/\/pssv.club\/?page_id=936"},"modified":"2026-01-07T13:03:13","modified_gmt":"2026-01-07T12:03:13","slug":"startseite","status":"publish","type":"page","link":"https:\/\/pssv.club\/?page_id=936","title":{"rendered":"Herzlich Willkommen"},"content":{"rendered":"<div id=\"c1\" class=\"csc-default\">\n<p>auf der Internetseite des Polizei-Sportsch\u00fctzenvereins M\u00fcnchen e.V.<\/p>\n<p>Hier erfahren Sie Einzelheiten \u00fcber unseren Verein und Veranstaltungen. Ausserdem haben Sie die M\u00f6glichkeit, diverse Artikel (Leistungsabzeichen, Polizei-Pins, Schl\u00fcsselanh\u00e4nger, Aufkleber und Anstecknadel mit verschiedenen Motiven) <a href=\"https:\/\/shop.pssv.de\">zu bestellen<\/a>.<\/p>\n<p>Viel Spa\u00df auf unseren Seiten<\/p>\n<p>w\u00fcnscht Ihnen der PSSV-M\u00fcnchen!<\/p>\n<p>Hier finden Sie\u00a0<a class=\"internal-link\" title=\"\u00d6ffnet internen Link im aktuellen Fenster\" href=\"http:\/\/www.pssv.de\/wir-ueber-uns\/\">mehr \u00fcber uns<\/a>.<\/p>\n<\/div>\n\n\n<p>&nbsp;<\/p>\n\n\n\n<p>&nbsp;<\/p>\n\n\n\n<p>&nbsp;<\/p>\n","protected":false},"excerpt":{"rendered":"<p>auf der Internetseite des Polizei-Sportsch\u00fctzenvereins M\u00fcnchen e.V. Hier erfahren Sie Einzelheiten \u00fcber unseren Verein und Veranstaltungen. Ausserdem haben Sie die M\u00f6glichkeit, diverse Artikel (Leistungsabzeichen, Polizei-Pins, Schl\u00fcsselanh\u00e4nger, Aufkleber und Anstecknadel mit&hellip;&nbsp;<a href=\"https:\/\/pssv.club\/?page_id=936\" rel=\"bookmark\"><span class=\"screen-reader-text\">Herzlich Willkommen<\/span><\/a><\/p>\n","protected":false},"author":1,"featured_media":0,"parent":0,"menu_order":0,"comment_status":"closed","ping_status":"closed","template":"","meta":{"neve_meta_sidebar":"","neve_meta_container":"","neve_meta_enable_content_width":"","neve_meta_content_width":0,"neve_meta_title_alignment":"","neve_meta_author_avatar":"","neve_post_elements_order":"","neve_meta_disable_header":"","neve_meta_disable_footer":"","neve_meta_disable_title":"","footnotes":""},"class_list":["post-936","page","type-page","status-publish","hentry"],"_links":{"self":[{"href":"https:\/\/pssv.club\/index.php?rest_route=\/wp\/v2\/pages\/936","targetHints":{"allow":["GET"]}}],"collection":[{"href":"https:\/\/pssv.club\/index.php?rest_route=\/wp\/v2\/pages"}],"about":[{"href":"https:\/\/pssv.club\/index.php?rest_route=\/wp\/v2\/types\/page"}],"author":[{"embeddable":true,"href":"https:\/\/pssv.club\/index.php?rest_route=\/wp\/v2\/users\/1"}],"replies":[{"embeddable":true,"href":"https:\/\/pssv.club\/index.php?rest_route=%2Fwp%2Fv2%2Fcomments&post=936"}],"version-history":[{"count":4,"href":"https:\/\/pssv.club\/index.php?rest_route=\/wp\/v2\/pages\/936\/revisions"}],"predecessor-version":[{"id":940,"href":"https:\/\/pssv.club\/index.php?rest_route=\/wp\/v2\/pages\/936\/revisions\/940"}],"wp:attachment":[{"href":"https:\/\/pssv.club\/index.php?rest_route=%2Fwp%2Fv2%2Fmedia&parent=936"}],"curies":[{"name":"wp","href":"https:\/\/api.w.org\/{rel}","templated":true}]}}